{"id":3599,"date":"2020-06-10T09:22:34","date_gmt":"2020-06-10T09:22:34","guid":{"rendered":"http:\/\/wpdemo.archiwp.com\/theratio\/?page_id=3599"},"modified":"2022-06-03T16:58:23","modified_gmt":"2022-06-03T20:58:23","slug":"home-3","status":"publish","type":"page","link":"https:\/\/www.voluspajarpa.com\/en\/home-3\/","title":{"rendered":"Home 3"},"content":{"rendered":"\t\t<div data-elementor-type=\"wp-page\" data-elementor-id=\"3599\" class=\"elementor elementor-3599\" data-elementor-settings=\"[]\">\n\t\t\t\t\t\t\t<div class=\"elementor-section-wrap\">\n\t\t\t\t\t\t\t<section class=\"elementor-section elementor-top-section elementor-element elementor-element-1dc6a5c elementor-section-content-middle elementor-section-boxed elementor-section-height-default elementor-section-height-default\" data-id=\"1dc6a5c\" data-element_type=\"section\" data-settings=\"{&quot;background_background&quot;:&quot;video&quot;,&quot;background_video_link&quot;:&quot;https:\\\/\\\/www.youtube.com\\\/watch?v=sImINe4Vpe8&quot;,&quot;background_video_start&quot;:60,&quot;background_video_end&quot;:300}\">\n\t\t\t\t\t\t\t\t<div class=\"elementor-background-video-container elementor-hidden-phone\">\n\t\t\t\t\t\t\t\t\t\t\t\t\t<div class=\"elementor-background-video-embed\"><\/div>\n\t\t\t\t\t\t\t\t\t\t\t\t<\/div>\n\t\t\t\t\t\t\t\t\t<div class=\"elementor-background-overlay\"><\/div>\n\t\t\t\t\t\t\t<div class=\"elementor-container elementor-column-gap-extended\">\n\t\t\t\t\t<div class=\"elementor-column elementor-col-50 elementor-top-column elementor-element elementor-element-987dac7 ot-flex-column-vertical\" data-id=\"987dac7\" data-element_type=\"column\" data-settings=\"{&quot;background_background&quot;:&quot;classic&quot;}\">\n\t\t\t<div class=\"elementor-widget-wrap elementor-element-populated\">\n\t\t\t\t\t<div class=\"elementor-background-overlay\"><\/div>\n\t\t\t\t\t\t\t\t<div class=\"elementor-element elementor-element-573189c elementor-widget elementor-widget-iheading\" data-id=\"573189c\" data-element_type=\"widget\" data-widget_type=\"iheading.default\">\n\t\t\t\t<div class=\"elementor-widget-container\">\n\t\t\t\t\t<div class=\"ot-heading is-dots\">\r\n\t        \t            <span>[ Error ]<\/span>\r\n\t        \t        <h2 class=\"main-heading\">Est\u00e1 p\u00e1gina no existe<\/h2>\r\n\t        \t    <\/div>\r\n\t    \t\t<\/div>\n\t\t\t\t<\/div>\n\t\t\t\t<div class=\"elementor-element elementor-element-7380176 elementor-widget elementor-widget-text-editor\" data-id=\"7380176\" data-element_type=\"widget\" data-widget_type=\"text-editor.default\">\n\t\t\t\t<div class=\"elementor-widget-container\">\n\t\t\t\t\t<div class=\"elementor-text-editor elementor-clearfix\"><p>Volver atr\u00e1s:<\/p><\/div>\n\t\t\t\t<\/div>\n\t\t\t\t<\/div>\n\t\t\t\t<div class=\"elementor-element elementor-element-5d22094 elementor-align-left elementor-widget__width-auto elementor-widget elementor-widget-button\" data-id=\"5d22094\" data-element_type=\"widget\" data-widget_type=\"button.default\">\n\t\t\t\t<div class=\"elementor-widget-container\">\n\t\t\t\t\t<div class=\"elementor-button-wrapper\">\n\t\t\t<a href=\"https:\/\/www.voluspajarpa.com\/\" class=\"elementor-button-link elementor-button elementor-size-md\" role=\"button\">\n\t\t\t\t\t\t<span class=\"elementor-button-content-wrapper\">\n\t\t\t\t\t\t<span class=\"elementor-button-text\">Back<\/span>\n\t\t<\/span>\n\t\t\t\t\t<\/a>\n\t\t<\/div>\n\t\t\t\t<\/div>\n\t\t\t\t<\/div>\n\t\t\t\t\t<\/div>\n\t\t<\/div>\n\t\t\t\t<div class=\"elementor-column elementor-col-50 elementor-top-column elementor-element elementor-element-697ae3e ot-column-items-bottom ot-flex-column-horizontal\" data-id=\"697ae3e\" data-element_type=\"column\">\n\t\t\t<div class=\"elementor-widget-wrap elementor-element-populated\">\n\t\t\t\t\t\t\t\t<div class=\"elementor-element elementor-element-c2900b6 elementor-widget elementor-widget-ivideopopup\" data-id=\"c2900b6\" data-element_type=\"widget\" data-widget_type=\"ivideopopup.default\">\n\t\t\t\t<div class=\"elementor-widget-container\">\n\t\t\t\t\t\r\n\t\t<div class=\"video-popup flex-middle\">\r\n\t        <a class=\"btn-play\" href=\"https:\/\/www.youtube.com\/watch?v=sImINe4Vpe8\">\r\n\t        \t<i class=\"ot-flaticon-play-button\"><\/i>\r\n\t        <\/a>\r\n\t        <span>Play video<\/span>\t    <\/div>\r\n\t    \r\n\t    \t\t<\/div>\n\t\t\t\t<\/div>\n\t\t\t\t\t<\/div>\n\t\t<\/div>\n\t\t\t\t\t\t\t<\/div>\n\t\t<\/section>\n\t\t\t\t\t\t<\/div>\n\t\t\t\t\t<\/div>\n\t\t","protected":false},"excerpt":{"rendered":"<p>[ Error ] Est\u00e1 p\u00e1gina no existe Volver atr\u00e1s: Back Play video<\/p>\n","protected":false},"author":1,"featured_media":0,"parent":0,"menu_order":0,"comment_status":"closed","ping_status":"closed","template":"","meta":{"footnotes":""},"_links":{"self":[{"href":"https:\/\/www.voluspajarpa.com\/en\/wp-json\/wp\/v2\/pages\/3599"}],"collection":[{"href":"https:\/\/www.voluspajarpa.com\/en\/wp-json\/wp\/v2\/pages"}],"about":[{"href":"https:\/\/www.voluspajarpa.com\/en\/wp-json\/wp\/v2\/types\/page"}],"author":[{"embeddable":true,"href":"https:\/\/www.voluspajarpa.com\/en\/wp-json\/wp\/v2\/users\/1"}],"replies":[{"embeddable":true,"href":"https:\/\/www.voluspajarpa.com\/en\/wp-json\/wp\/v2\/comments?post=3599"}],"version-history":[{"count":10,"href":"https:\/\/www.voluspajarpa.com\/en\/wp-json\/wp\/v2\/pages\/3599\/revisions"}],"predecessor-version":[{"id":11511,"href":"https:\/\/www.voluspajarpa.com\/en\/wp-json\/wp\/v2\/pages\/3599\/revisions\/11511"}],"wp:attachment":[{"href":"https:\/\/www.voluspajarpa.com\/en\/wp-json\/wp\/v2\/media?parent=3599"}],"curies":[{"name":"wp","href":"https:\/\/api.w.org\/{rel}","templated":true}]}}